{"id":1831,"date":"2021-11-12T10:37:03","date_gmt":"2021-11-12T09:37:03","guid":{"rendered":"https:\/\/lesmarsouins.cielavillage.fr\/campingplatz-in-argeles-sur-mer-mit-wasserpark\/"},"modified":"2025-07-08T11:55:10","modified_gmt":"2025-07-08T09:55:10","slug":"campingplatz-in-argeles-sur-mer-mit-wasserpark","status":"publish","type":"page","link":"https:\/\/lesmarsouins.cielavillage.fr\/de\/campingplatz-in-argeles-sur-mer-mit-wasserpark\/","title":{"rendered":"Campingplatz in Argel\u00e8s-sur-Mer mit Wasserpark"},"content":{"rendered":"\n<div class=\"wp-block-columns bloc-m7 is-layout-flex wp-container-core-columns-is-layout-9d6595d7 wp-block-columns-is-layout-flex\">\n<div class=\"wp-block-column is-vertically-aligned-center is-layout-flow wp-block-column-is-layout-flow\" style=\"flex-basis:30%\">\n<p><\/p>\n<\/div>\n\n\n\n<div class=\"wp-block-column is-vertically-aligned-center is-layout-flow wp-block-column-is-layout-flow\" style=\"flex-basis:70%\">\n<p><\/p>\n<\/div>\n<\/div>\n\n\n\n<p>Auf unserem <a href=\"https:\/\/lesmarsouins.cielavillage.fr\/de\/\">Campingplatz Les Marsouins in Argel\u00e8s-sur-Mer<\/a> bieten wir Ihnen zahlreiche Freizeitaktivit\u00e4ten in unserer Badelandschaft. In der Saison k\u00f6nnen Sie unsere lustigen Wassergymnastik- und Aquabike-Kurse besuchen. Les Marsouins, unser <strong>Campingplatz am Meer mit Wasserpark<\/strong>, ist der ideale Ort f\u00fcr zahlreiche Sport- und Freizeitaktivit\u00e4ten. Wie w\u00e4re es mit einer Runde Wasserball? <\/p>\n\n\n\n<p><\/p>\n","protected":false},"excerpt":{"rendered":"<p>Auf unserem Campingplatz Les Marsouins in Argel\u00e8s-sur-Mer bieten wir Ihnen zahlreiche Freizeitaktivit\u00e4ten in unserer Badelandschaft. In der Saison k\u00f6nnen Sie unsere lustigen Wassergymnastik- und Aquabike-Kurse besuchen. Les Marsouins, unser Campingplatz am Meer mit Wasserpark, ist der ideale Ort f\u00fcr zahlreiche Sport- und Freizeitaktivit\u00e4ten. Wie w\u00e4re es mit einer Runde Wasserball?<\/p>\n","protected":false},"author":1,"featured_media":0,"parent":0,"menu_order":45,"comment_status":"closed","ping_status":"closed","template":"","meta":{"_acf_changed":false,"footnotes":""},"class_list":["post-1831","page","type-page","status-publish","hentry"],"acf":[],"yoast_head":"<!-- This site is optimized with the Yoast SEO plugin v27.3 - https:\/\/yoast.com\/product\/yoast-seo-wordpress\/ -->\n<title>Campingplatz in Argeles-sur-mer mit Pool: beheizter Pool mit Rutschen<\/title>\n<meta name=\"robots\" content=\"index, follow, max-snippet:-1, max-image-preview:large, max-video-preview:-1\" \/>\n<link rel=\"canonical\" href=\"https:\/\/lesmarsouins.cielavillage.fr\/de\/campingplatz-in-argeles-sur-mer-mit-wasserpark\/\" \/>\n<meta property=\"og:locale\" content=\"de_DE\" \/>\n<meta property=\"og:type\" content=\"article\" \/>\n<meta property=\"og:title\" content=\"Campingplatz in Argeles-sur-mer mit Pool: beheizter Pool mit Rutschen\" \/>\n<meta property=\"og:description\" content=\"Auf unserem Campingplatz Les Marsouins in Argel\u00e8s-sur-Mer bieten wir Ihnen zahlreiche Freizeitaktivit\u00e4ten in unserer Badelandschaft. In der Saison k\u00f6nnen Sie unsere lustigen Wassergymnastik- und Aquabike-Kurse besuchen. Les Marsouins, unser Campingplatz am Meer mit Wasserpark, ist der ideale Ort f\u00fcr zahlreiche Sport- und Freizeitaktivit\u00e4ten. Wie w\u00e4re es mit einer Runde Wasserball?\" \/>\n<meta property=\"og:url\" content=\"https:\/\/lesmarsouins.cielavillage.fr\/de\/campingplatz-in-argeles-sur-mer-mit-wasserpark\/\" \/>\n<meta property=\"og:site_name\" content=\"Camping Les Marsouins\" \/>\n<meta property=\"article:modified_time\" content=\"2025-07-08T09:55:10+00:00\" \/>\n<meta name=\"twitter:card\" content=\"summary_large_image\" \/>\n<meta name=\"twitter:label1\" content=\"Gesch\u00e4tzte Lesezeit\" \/>\n\t<meta name=\"twitter:data1\" content=\"1\u00a0Minute\" \/>\n<script type=\"application\/ld+json\" class=\"yoast-schema-graph\">{\"@context\":\"https:\\\/\\\/schema.org\",\"@graph\":[{\"@type\":\"WebPage\",\"@id\":\"https:\\\/\\\/lesmarsouins.cielavillage.fr\\\/de\\\/campingplatz-in-argeles-sur-mer-mit-wasserpark\\\/\",\"url\":\"https:\\\/\\\/lesmarsouins.cielavillage.fr\\\/de\\\/campingplatz-in-argeles-sur-mer-mit-wasserpark\\\/\",\"name\":\"Campingplatz in Argeles-sur-mer mit Pool: beheizter Pool mit Rutschen\",\"isPartOf\":{\"@id\":\"https:\\\/\\\/lesmarsouins.cielavillage.fr\\\/#website\"},\"datePublished\":\"2021-11-12T09:37:03+00:00\",\"dateModified\":\"2025-07-08T09:55:10+00:00\",\"breadcrumb\":{\"@id\":\"https:\\\/\\\/lesmarsouins.cielavillage.fr\\\/de\\\/campingplatz-in-argeles-sur-mer-mit-wasserpark\\\/#breadcrumb\"},\"inLanguage\":\"de\",\"potentialAction\":[{\"@type\":\"ReadAction\",\"target\":[\"https:\\\/\\\/lesmarsouins.cielavillage.fr\\\/de\\\/campingplatz-in-argeles-sur-mer-mit-wasserpark\\\/\"]}]},{\"@type\":\"BreadcrumbList\",\"@id\":\"https:\\\/\\\/lesmarsouins.cielavillage.fr\\\/de\\\/campingplatz-in-argeles-sur-mer-mit-wasserpark\\\/#breadcrumb\",\"itemListElement\":[{\"@type\":\"ListItem\",\"position\":1,\"name\":\"Camping Argel\u00e8s Les Marsouins &gt;&nbsp;\",\"item\":\"https:\\\/\\\/lesmarsouins.cielavillage.fr\\\/de\\\/\"},{\"@type\":\"ListItem\",\"position\":2,\"name\":\"Campingplatz mit Wasserpark in Argel\u00e8s-sur-mer\"}]},{\"@type\":\"WebSite\",\"@id\":\"https:\\\/\\\/lesmarsouins.cielavillage.fr\\\/#website\",\"url\":\"https:\\\/\\\/lesmarsouins.cielavillage.fr\\\/\",\"name\":\"Camping Les Marsouins\",\"description\":\"Camping Les Marsouins\",\"potentialAction\":[{\"@type\":\"SearchAction\",\"target\":{\"@type\":\"EntryPoint\",\"urlTemplate\":\"https:\\\/\\\/lesmarsouins.cielavillage.fr\\\/?s={search_term_string}\"},\"query-input\":{\"@type\":\"PropertyValueSpecification\",\"valueRequired\":true,\"valueName\":\"search_term_string\"}}],\"inLanguage\":\"de\"}]}<\/script>\n<!-- \/ Yoast SEO plugin. -->","yoast_head_json":{"title":"Campingplatz in Argeles-sur-mer mit Pool: beheizter Pool mit Rutschen","robots":{"index":"index","follow":"follow","max-snippet":"max-snippet:-1","max-image-preview":"max-image-preview:large","max-video-preview":"max-video-preview:-1"},"canonical":"https:\/\/lesmarsouins.cielavillage.fr\/de\/campingplatz-in-argeles-sur-mer-mit-wasserpark\/","og_locale":"de_DE","og_type":"article","og_title":"Campingplatz in Argeles-sur-mer mit Pool: beheizter Pool mit Rutschen","og_description":"Auf unserem Campingplatz Les Marsouins in Argel\u00e8s-sur-Mer bieten wir Ihnen zahlreiche Freizeitaktivit\u00e4ten in unserer Badelandschaft. In der Saison k\u00f6nnen Sie unsere lustigen Wassergymnastik- und Aquabike-Kurse besuchen. Les Marsouins, unser Campingplatz am Meer mit Wasserpark, ist der ideale Ort f\u00fcr zahlreiche Sport- und Freizeitaktivit\u00e4ten. Wie w\u00e4re es mit einer Runde Wasserball?","og_url":"https:\/\/lesmarsouins.cielavillage.fr\/de\/campingplatz-in-argeles-sur-mer-mit-wasserpark\/","og_site_name":"Camping Les Marsouins","article_modified_time":"2025-07-08T09:55:10+00:00","twitter_card":"summary_large_image","twitter_misc":{"Gesch\u00e4tzte Lesezeit":"1\u00a0Minute"},"schema":{"@context":"https:\/\/schema.org","@graph":[{"@type":"WebPage","@id":"https:\/\/lesmarsouins.cielavillage.fr\/de\/campingplatz-in-argeles-sur-mer-mit-wasserpark\/","url":"https:\/\/lesmarsouins.cielavillage.fr\/de\/campingplatz-in-argeles-sur-mer-mit-wasserpark\/","name":"Campingplatz in Argeles-sur-mer mit Pool: beheizter Pool mit Rutschen","isPartOf":{"@id":"https:\/\/lesmarsouins.cielavillage.fr\/#website"},"datePublished":"2021-11-12T09:37:03+00:00","dateModified":"2025-07-08T09:55:10+00:00","breadcrumb":{"@id":"https:\/\/lesmarsouins.cielavillage.fr\/de\/campingplatz-in-argeles-sur-mer-mit-wasserpark\/#breadcrumb"},"inLanguage":"de","potentialAction":[{"@type":"ReadAction","target":["https:\/\/lesmarsouins.cielavillage.fr\/de\/campingplatz-in-argeles-sur-mer-mit-wasserpark\/"]}]},{"@type":"BreadcrumbList","@id":"https:\/\/lesmarsouins.cielavillage.fr\/de\/campingplatz-in-argeles-sur-mer-mit-wasserpark\/#breadcrumb","itemListElement":[{"@type":"ListItem","position":1,"name":"Camping Argel\u00e8s Les Marsouins &gt;&nbsp;","item":"https:\/\/lesmarsouins.cielavillage.fr\/de\/"},{"@type":"ListItem","position":2,"name":"Campingplatz mit Wasserpark in Argel\u00e8s-sur-mer"}]},{"@type":"WebSite","@id":"https:\/\/lesmarsouins.cielavillage.fr\/#website","url":"https:\/\/lesmarsouins.cielavillage.fr\/","name":"Camping Les Marsouins","description":"Camping Les Marsouins","potentialAction":[{"@type":"SearchAction","target":{"@type":"EntryPoint","urlTemplate":"https:\/\/lesmarsouins.cielavillage.fr\/?s={search_term_string}"},"query-input":{"@type":"PropertyValueSpecification","valueRequired":true,"valueName":"search_term_string"}}],"inLanguage":"de"}]}},"_links":{"self":[{"href":"https:\/\/lesmarsouins.cielavillage.fr\/de\/wp-json\/wp\/v2\/pages\/1831","targetHints":{"allow":["GET"]}}],"collection":[{"href":"https:\/\/lesmarsouins.cielavillage.fr\/de\/wp-json\/wp\/v2\/pages"}],"about":[{"href":"https:\/\/lesmarsouins.cielavillage.fr\/de\/wp-json\/wp\/v2\/types\/page"}],"author":[{"embeddable":true,"href":"https:\/\/lesmarsouins.cielavillage.fr\/de\/wp-json\/wp\/v2\/users\/1"}],"replies":[{"embeddable":true,"href":"https:\/\/lesmarsouins.cielavillage.fr\/de\/wp-json\/wp\/v2\/comments?post=1831"}],"version-history":[{"count":17,"href":"https:\/\/lesmarsouins.cielavillage.fr\/de\/wp-json\/wp\/v2\/pages\/1831\/revisions"}],"predecessor-version":[{"id":93712,"href":"https:\/\/lesmarsouins.cielavillage.fr\/de\/wp-json\/wp\/v2\/pages\/1831\/revisions\/93712"}],"wp:attachment":[{"href":"https:\/\/lesmarsouins.cielavillage.fr\/de\/wp-json\/wp\/v2\/media?parent=1831"}],"curies":[{"name":"wp","href":"https:\/\/api.w.org\/{rel}","templated":true}]}}