{"id":2320,"date":"2021-11-17T16:57:46","date_gmt":"2021-11-17T15:57:46","guid":{"rendered":"https:\/\/lesmarsouins.cielavillage.fr\/?page_id=2320"},"modified":"2021-12-03T15:53:27","modified_gmt":"2021-12-03T14:53:27","slug":"campez-couvert-fur-ciela-village","status":"publish","type":"page","link":"https:\/\/lesmarsouins.cielavillage.fr\/de\/campez-couvert-fur-ciela-village\/","title":{"rendered":"Campez Couvert f\u00fcr Ciela Village"},"content":{"rendered":"\n<div class=\"wp-block-columns is-layout-flex wp-container-core-columns-is-layout-9d6595d7 wp-block-columns-is-layout-flex\">\n<div class=\"wp-block-column is-layout-flow wp-block-column-is-layout-flow\">\n<figure class=\"wp-block-image size-large\"><img decoding=\"async\" src=\"https:\/\/cielavillage.fr\/images\/tourisme-pyrenees-orientales\/argeles-sur-mer\/assurance-annulation_FR.jpg\" alt=\"\"\/><\/figure>\n<\/div>\n\n\n\n<div class=\"wp-block-column is-layout-flow wp-block-column-is-layout-flow\">\n<h2 class=\"wp-block-heading\">Einfach und schnell !<br>Die Deckung erstreckt sich auf alle Personen,<br>auch ohne Verwandtschaftsverh\u00e4ltnis<br><a href=\"https:\/\/www.campez-couvert.com\/de\/\">www.campez\u2013couvert.com<\/a><\/h2>\n\n\n\n<p>Campez Couvert erm\u00f6glicht es Ihnen, die marktweit allumfassendste Versicherung in Anspruch zu nehmen.<br>Neben der Stornierung und der Unterbrechung bietet Campez Couvert auch im Fall der Covid-19-Erkrankung Versicherungsschutz.<br>Die vollst\u00e4ndigen Versicherungsbedingungen fi nden Sie <a href=\"https:\/\/www.campez-couvert.com\/de\/\">www.campez-<\/a>couvert.com<\/p>\n\n\n\n<p><img decoding=\"async\" class=\" size-full wp-image-2318\" src=\"https:\/\/lesmarsouins.cielavillage.fr\/wp-content\/uploads\/2020\/12\/icon_pdf.png\" alt=\"icon pdf\" width=\"20\" height=\"18\"><a href=\"https:\/\/cielavillage.fr\/images\/pdf\/Notice_20_CPC_45_COVID_6184_FR.pdf\" target=\"_blank\" rel=\"noopener\"><\/a><a href=\"https:\/\/cielavillage.fr\/images\/pdf\/211116-Notice-Campez-Couvert-2022_6184_DE.pdf\" target=\"_blank\" rel=\"noreferrer noopener\">Allgemeine versicherungsbedingungen<\/a><\/p>\n\n\n\n<p><img decoding=\"async\" class=\" size-full wp-image-2318\" src=\"https:\/\/lesmarsouins.cielavillage.fr\/wp-content\/uploads\/2020\/12\/icon_pdf.png\" alt=\"icon pdf\" width=\"20\" height=\"18\"><a href=\"https:\/\/cielavillage.fr\/images\/pdf\/DIN_Campez_couvert_EN.pdf\" target=\"_blank\" rel=\"noopener\"><\/a><a href=\"https:\/\/cielavillage.fr\/images\/pdf\/DIN_Campez_couvert_DE.pdf\" target=\"_blank\" rel=\"noreferrer noopener\">Informationsdokument zum Versicherungsprodukt<\/a><\/p>\n<\/div>\n<\/div>\n\n\n\n<div class=\"wp-block-image\"><figure class=\"aligncenter size-full\"><img decoding=\"async\" width=\"700\" height=\"153\" src=\"https:\/\/lesmarsouins.cielavillage.fr\/wp-content\/uploads\/2021\/11\/nos-garanties_DE.jpg\" alt=\"\" class=\"wp-image-2326\" srcset=\"https:\/\/lesmarsouins.cielavillage.fr\/wp-content\/uploads\/2021\/11\/nos-garanties_DE.jpg 700w, https:\/\/lesmarsouins.cielavillage.fr\/wp-content\/uploads\/2021\/11\/nos-garanties_DE-300x66.jpg 300w\" sizes=\"(max-width: 700px) 100vw, 700px\" \/><\/figure><\/div>\n\n\n\n<div class=\"wp-block-image\"><figure class=\"aligncenter size-large\"><img decoding=\"async\" src=\"https:\/\/cielavillage.fr\/images\/pdf\/garantie-covid-de.jpg\" alt=\"\"\/><\/figure><\/div>\n\n\n\n<h3 class=\"wp-block-heading\">Medizinische Gr\u00fcnde<\/h3>\n\n\n\n<p>Schwere Erkrankung einschlie\u00dflich Covid-19, schwerer Unfall oder Tod, Gegenanzeige und Folge der Impfung, Komplikationen aufgrund von Schwangerschaft.<\/p>\n\n\n\n<h3 class=\"wp-block-heading\">Pers\u00f6nliche Gr\u00fcnde<\/h3>\n\n\n\n<p>Vorladung bzw. Termin wegen Adoptierung eines Kindes, einer Nachuntersuchung oder einer Organtransplantation, Trennung, usw. Schwere Sch\u00e4den an Ihrem Fahrzeug Innerhalb von 48h vor der Abreise.<\/p>\n\n\n\n<h3 class=\"wp-block-heading\">Berufl iche Gr\u00fcnde<\/h3>\n\n\n\n<p>Streichung des Urlaubs oder \u00c4nderung der Urlaubszeiten, betriebliche K\u00fcndigung oder einvernehmliche Arbeitsvertragsk\u00fcndigung, berufl iche Versetzung, Antreten einer Stelle, usw.<\/p>\n\n\n\n<h3 class=\"wp-block-heading\">Fehlende Impfung<\/h3>\n\n\n\n<p>Stornierung im Falle einer fehlenden COVID-19-Impfung: Falls das Zielland zum Zeitpunkt der Buchung keine Impfung vorschrieb, keine Kontraindikation und keinen Bericht \u00fcber die Daten des Termins f\u00fcr die Impfung gegen COVIF-19, die durch die Gesundheitsbeh\u00f6rden auferlegt wurde, vorsah\u2026<\/p>\n\n\n\n<h3 class=\"wp-block-heading\">Andere Gew\u00e4hrleistungen :<\/h3>\n\n\n\n<p>Schwere Sch\u00e4den in den gewerblichen oder privaten R\u00e4umlichkeiten, Diebstahl der Identit\u00e4tskarte, des F\u00fchrerscheins oder des Reisepasses, Nichtbef\u00f6rderung im Falle von Fieber\u2026<\/p>\n\n\n\n<figure class=\"wp-block-table\"><table class=\"has-black-color has-text-color has-background\" style=\"background-color:#d9dadc\"><tbody><tr><td><strong>Kontaktperson !<\/strong><br>Eine Person, die von einem Arzt best\u00e4tigte Covid-19-Symptome aufweist oder in einem hochriskanten Kontakt mit einer infizierten Person stand.<\/td><\/tr><\/tbody><\/table><\/figure>\n\n\n\n<div class=\"wp-block-image\"><figure class=\"aligncenter size-full\"><img decoding=\"async\" width=\"800\" height=\"607\" src=\"https:\/\/lesmarsouins.cielavillage.fr\/wp-content\/uploads\/2021\/11\/assurance-annulation2_DE.jpg\" alt=\"\" class=\"wp-image-2321\" srcset=\"https:\/\/lesmarsouins.cielavillage.fr\/wp-content\/uploads\/2021\/11\/assurance-annulation2_DE.jpg 800w, https:\/\/lesmarsouins.cielavillage.fr\/wp-content\/uploads\/2021\/11\/assurance-annulation2_DE-300x228.jpg 300w, https:\/\/lesmarsouins.cielavillage.fr\/wp-content\/uploads\/2021\/11\/assurance-annulation2_DE-768x583.jpg 768w\" sizes=\"(max-width: 800px) 100vw, 800px\" \/><\/figure><\/div>\n","protected":false},"excerpt":{"rendered":"<p>Einfach und schnell !Die Deckung erstreckt sich auf alle Personen,auch ohne Verwandtschaftsverh\u00e4ltniswww.campez\u2013couvert.com Campez Couvert erm\u00f6glicht es Ihnen, die marktweit allumfassendste Versicherung in Anspruch zu nehmen.Neben der Stornierung und der Unterbrechung bietet Campez Couvert auch im Fall der Covid-19-Erkrankung Versicherungsschutz.Die vollst\u00e4ndigen Versicherungsbedingungen fi nden Sie www.campez-couvert.com Allgemeine versicherungsbedingungen Informationsdokument zum Versicherungsprodukt Medizinische Gr\u00fcnde Schwere Erkrankung einschlie\u00dflich [&hellip;]<\/p>\n","protected":false},"author":1,"featured_media":0,"parent":0,"menu_order":8,"comment_status":"closed","ping_status":"closed","template":"","meta":{"_acf_changed":false,"footnotes":""},"class_list":["post-2320","page","type-page","status-publish","hentry"],"acf":[],"yoast_head":"<!-- This site is optimized with the Yoast SEO plugin v27.3 - https:\/\/yoast.com\/product\/yoast-seo-wordpress\/ -->\n<title>Campez Couvert f\u00fcr Ciela Village - Camping Les Marsouins<\/title>\n<meta name=\"robots\" content=\"index, follow, max-snippet:-1, max-image-preview:large, max-video-preview:-1\" \/>\n<link rel=\"canonical\" href=\"https:\/\/lesmarsouins.cielavillage.fr\/de\/campez-couvert-fur-ciela-village\/\" \/>\n<meta property=\"og:locale\" content=\"de_DE\" \/>\n<meta property=\"og:type\" content=\"article\" \/>\n<meta property=\"og:title\" content=\"Campez Couvert f\u00fcr Ciela Village - Camping Les Marsouins\" \/>\n<meta property=\"og:description\" content=\"Einfach und schnell !Die Deckung erstreckt sich auf alle Personen,auch ohne Verwandtschaftsverh\u00e4ltniswww.campez\u2013couvert.com Campez Couvert erm\u00f6glicht es Ihnen, die marktweit allumfassendste Versicherung in Anspruch zu nehmen.Neben der Stornierung und der Unterbrechung bietet Campez Couvert auch im Fall der Covid-19-Erkrankung Versicherungsschutz.Die vollst\u00e4ndigen Versicherungsbedingungen fi nden Sie www.campez-couvert.com Allgemeine versicherungsbedingungen Informationsdokument zum Versicherungsprodukt Medizinische Gr\u00fcnde Schwere Erkrankung einschlie\u00dflich [&hellip;]\" \/>\n<meta property=\"og:url\" content=\"https:\/\/lesmarsouins.cielavillage.fr\/de\/campez-couvert-fur-ciela-village\/\" \/>\n<meta property=\"og:site_name\" content=\"Camping Les Marsouins\" \/>\n<meta property=\"article:modified_time\" content=\"2021-12-03T14:53:27+00:00\" \/>\n<meta property=\"og:image\" content=\"https:\/\/cielavillage.fr\/images\/tourisme-pyrenees-orientales\/argeles-sur-mer\/assurance-annulation_FR.jpg\" \/>\n<meta name=\"twitter:card\" content=\"summary_large_image\" \/>\n<meta name=\"twitter:label1\" content=\"Gesch\u00e4tzte Lesezeit\" \/>\n\t<meta name=\"twitter:data1\" content=\"3\u00a0Minuten\" \/>\n<script type=\"application\/ld+json\" class=\"yoast-schema-graph\">{\"@context\":\"https:\\\/\\\/schema.org\",\"@graph\":[{\"@type\":\"WebPage\",\"@id\":\"https:\\\/\\\/lesmarsouins.cielavillage.fr\\\/de\\\/campez-couvert-fur-ciela-village\\\/\",\"url\":\"https:\\\/\\\/lesmarsouins.cielavillage.fr\\\/de\\\/campez-couvert-fur-ciela-village\\\/\",\"name\":\"Campez Couvert f\u00fcr Ciela Village - Camping Les Marsouins\",\"isPartOf\":{\"@id\":\"https:\\\/\\\/lesmarsouins.cielavillage.fr\\\/#website\"},\"primaryImageOfPage\":{\"@id\":\"https:\\\/\\\/lesmarsouins.cielavillage.fr\\\/de\\\/campez-couvert-fur-ciela-village\\\/#primaryimage\"},\"image\":{\"@id\":\"https:\\\/\\\/lesmarsouins.cielavillage.fr\\\/de\\\/campez-couvert-fur-ciela-village\\\/#primaryimage\"},\"thumbnailUrl\":\"https:\\\/\\\/cielavillage.fr\\\/images\\\/tourisme-pyrenees-orientales\\\/argeles-sur-mer\\\/assurance-annulation_FR.jpg\",\"datePublished\":\"2021-11-17T15:57:46+00:00\",\"dateModified\":\"2021-12-03T14:53:27+00:00\",\"breadcrumb\":{\"@id\":\"https:\\\/\\\/lesmarsouins.cielavillage.fr\\\/de\\\/campez-couvert-fur-ciela-village\\\/#breadcrumb\"},\"inLanguage\":\"de\",\"potentialAction\":[{\"@type\":\"ReadAction\",\"target\":[\"https:\\\/\\\/lesmarsouins.cielavillage.fr\\\/de\\\/campez-couvert-fur-ciela-village\\\/\"]}]},{\"@type\":\"ImageObject\",\"inLanguage\":\"de\",\"@id\":\"https:\\\/\\\/lesmarsouins.cielavillage.fr\\\/de\\\/campez-couvert-fur-ciela-village\\\/#primaryimage\",\"url\":\"https:\\\/\\\/cielavillage.fr\\\/images\\\/tourisme-pyrenees-orientales\\\/argeles-sur-mer\\\/assurance-annulation_FR.jpg\",\"contentUrl\":\"https:\\\/\\\/cielavillage.fr\\\/images\\\/tourisme-pyrenees-orientales\\\/argeles-sur-mer\\\/assurance-annulation_FR.jpg\"},{\"@type\":\"BreadcrumbList\",\"@id\":\"https:\\\/\\\/lesmarsouins.cielavillage.fr\\\/de\\\/campez-couvert-fur-ciela-village\\\/#breadcrumb\",\"itemListElement\":[{\"@type\":\"ListItem\",\"position\":1,\"name\":\"Camping Argel\u00e8s Les Marsouins &gt;&nbsp;\",\"item\":\"https:\\\/\\\/lesmarsouins.cielavillage.fr\\\/de\\\/\"},{\"@type\":\"ListItem\",\"position\":2,\"name\":\"Campez Couvert f\u00fcr Ciela Village\"}]},{\"@type\":\"WebSite\",\"@id\":\"https:\\\/\\\/lesmarsouins.cielavillage.fr\\\/#website\",\"url\":\"https:\\\/\\\/lesmarsouins.cielavillage.fr\\\/\",\"name\":\"Camping Les Marsouins\",\"description\":\"Camping Les Marsouins\",\"potentialAction\":[{\"@type\":\"SearchAction\",\"target\":{\"@type\":\"EntryPoint\",\"urlTemplate\":\"https:\\\/\\\/lesmarsouins.cielavillage.fr\\\/?s={search_term_string}\"},\"query-input\":{\"@type\":\"PropertyValueSpecification\",\"valueRequired\":true,\"valueName\":\"search_term_string\"}}],\"inLanguage\":\"de\"}]}<\/script>\n<!-- \/ Yoast SEO plugin. -->","yoast_head_json":{"title":"Campez Couvert f\u00fcr Ciela Village - Camping Les Marsouins","robots":{"index":"index","follow":"follow","max-snippet":"max-snippet:-1","max-image-preview":"max-image-preview:large","max-video-preview":"max-video-preview:-1"},"canonical":"https:\/\/lesmarsouins.cielavillage.fr\/de\/campez-couvert-fur-ciela-village\/","og_locale":"de_DE","og_type":"article","og_title":"Campez Couvert f\u00fcr Ciela Village - Camping Les Marsouins","og_description":"Einfach und schnell !Die Deckung erstreckt sich auf alle Personen,auch ohne Verwandtschaftsverh\u00e4ltniswww.campez\u2013couvert.com Campez Couvert erm\u00f6glicht es Ihnen, die marktweit allumfassendste Versicherung in Anspruch zu nehmen.Neben der Stornierung und der Unterbrechung bietet Campez Couvert auch im Fall der Covid-19-Erkrankung Versicherungsschutz.Die vollst\u00e4ndigen Versicherungsbedingungen fi nden Sie www.campez-couvert.com Allgemeine versicherungsbedingungen Informationsdokument zum Versicherungsprodukt Medizinische Gr\u00fcnde Schwere Erkrankung einschlie\u00dflich [&hellip;]","og_url":"https:\/\/lesmarsouins.cielavillage.fr\/de\/campez-couvert-fur-ciela-village\/","og_site_name":"Camping Les Marsouins","article_modified_time":"2021-12-03T14:53:27+00:00","og_image":[{"url":"https:\/\/cielavillage.fr\/images\/tourisme-pyrenees-orientales\/argeles-sur-mer\/assurance-annulation_FR.jpg","type":"","width":"","height":""}],"twitter_card":"summary_large_image","twitter_misc":{"Gesch\u00e4tzte Lesezeit":"3\u00a0Minuten"},"schema":{"@context":"https:\/\/schema.org","@graph":[{"@type":"WebPage","@id":"https:\/\/lesmarsouins.cielavillage.fr\/de\/campez-couvert-fur-ciela-village\/","url":"https:\/\/lesmarsouins.cielavillage.fr\/de\/campez-couvert-fur-ciela-village\/","name":"Campez Couvert f\u00fcr Ciela Village - Camping Les Marsouins","isPartOf":{"@id":"https:\/\/lesmarsouins.cielavillage.fr\/#website"},"primaryImageOfPage":{"@id":"https:\/\/lesmarsouins.cielavillage.fr\/de\/campez-couvert-fur-ciela-village\/#primaryimage"},"image":{"@id":"https:\/\/lesmarsouins.cielavillage.fr\/de\/campez-couvert-fur-ciela-village\/#primaryimage"},"thumbnailUrl":"https:\/\/cielavillage.fr\/images\/tourisme-pyrenees-orientales\/argeles-sur-mer\/assurance-annulation_FR.jpg","datePublished":"2021-11-17T15:57:46+00:00","dateModified":"2021-12-03T14:53:27+00:00","breadcrumb":{"@id":"https:\/\/lesmarsouins.cielavillage.fr\/de\/campez-couvert-fur-ciela-village\/#breadcrumb"},"inLanguage":"de","potentialAction":[{"@type":"ReadAction","target":["https:\/\/lesmarsouins.cielavillage.fr\/de\/campez-couvert-fur-ciela-village\/"]}]},{"@type":"ImageObject","inLanguage":"de","@id":"https:\/\/lesmarsouins.cielavillage.fr\/de\/campez-couvert-fur-ciela-village\/#primaryimage","url":"https:\/\/cielavillage.fr\/images\/tourisme-pyrenees-orientales\/argeles-sur-mer\/assurance-annulation_FR.jpg","contentUrl":"https:\/\/cielavillage.fr\/images\/tourisme-pyrenees-orientales\/argeles-sur-mer\/assurance-annulation_FR.jpg"},{"@type":"BreadcrumbList","@id":"https:\/\/lesmarsouins.cielavillage.fr\/de\/campez-couvert-fur-ciela-village\/#breadcrumb","itemListElement":[{"@type":"ListItem","position":1,"name":"Camping Argel\u00e8s Les Marsouins &gt;&nbsp;","item":"https:\/\/lesmarsouins.cielavillage.fr\/de\/"},{"@type":"ListItem","position":2,"name":"Campez Couvert f\u00fcr Ciela Village"}]},{"@type":"WebSite","@id":"https:\/\/lesmarsouins.cielavillage.fr\/#website","url":"https:\/\/lesmarsouins.cielavillage.fr\/","name":"Camping Les Marsouins","description":"Camping Les Marsouins","potentialAction":[{"@type":"SearchAction","target":{"@type":"EntryPoint","urlTemplate":"https:\/\/lesmarsouins.cielavillage.fr\/?s={search_term_string}"},"query-input":{"@type":"PropertyValueSpecification","valueRequired":true,"valueName":"search_term_string"}}],"inLanguage":"de"}]}},"_links":{"self":[{"href":"https:\/\/lesmarsouins.cielavillage.fr\/de\/wp-json\/wp\/v2\/pages\/2320","targetHints":{"allow":["GET"]}}],"collection":[{"href":"https:\/\/lesmarsouins.cielavillage.fr\/de\/wp-json\/wp\/v2\/pages"}],"about":[{"href":"https:\/\/lesmarsouins.cielavillage.fr\/de\/wp-json\/wp\/v2\/types\/page"}],"author":[{"embeddable":true,"href":"https:\/\/lesmarsouins.cielavillage.fr\/de\/wp-json\/wp\/v2\/users\/1"}],"replies":[{"embeddable":true,"href":"https:\/\/lesmarsouins.cielavillage.fr\/de\/wp-json\/wp\/v2\/comments?post=2320"}],"version-history":[{"count":11,"href":"https:\/\/lesmarsouins.cielavillage.fr\/de\/wp-json\/wp\/v2\/pages\/2320\/revisions"}],"predecessor-version":[{"id":2801,"href":"https:\/\/lesmarsouins.cielavillage.fr\/de\/wp-json\/wp\/v2\/pages\/2320\/revisions\/2801"}],"wp:attachment":[{"href":"https:\/\/lesmarsouins.cielavillage.fr\/de\/wp-json\/wp\/v2\/media?parent=2320"}],"curies":[{"name":"wp","href":"https:\/\/api.w.org\/{rel}","templated":true}]}}