{"id":2829,"date":"2021-12-07T16:06:33","date_gmt":"2021-12-07T15:06:33","guid":{"rendered":"https:\/\/lesmarsouins.cielavillage.fr\/?page_id=2829"},"modified":"2022-10-13T10:30:21","modified_gmt":"2022-10-13T08:30:21","slug":"unsere-stornobedingungen","status":"publish","type":"page","link":"https:\/\/lesmarsouins.cielavillage.fr\/de\/unsere-stornobedingungen\/","title":{"rendered":"Unsere Stornobedingungen"},"content":{"rendered":"\n<p><strong>Wir haben f\u00fcr alle Aufenthalte in der Saison 2022<\/strong>&nbsp;unsere&nbsp;<strong>Buchungsbedingungen<\/strong>&nbsp;flexibler gestaltet.<\/p>\n\n\n\n<p><strong>Sie haben die M\u00f6glichkeit, Ihren Aufenthalt aus einem mit Covid-19 in Zusammenhang stehenden Grund* bis zu 1 Tage vor Ihrer Ankunft zu stornieren oder abzu\u00e4ndern.<\/strong>&nbsp;Ihnen wird dann entweder eine&nbsp;<strong>R\u00fcckerstattung oder ein Gutschein angeboten, der ab dem Ausstellungsdatum 18 Monate<\/strong>&nbsp;lang g\u00fcltig ist, abz\u00fcglich der Verwaltungs- und Versicherungskosten.<\/p>\n\n\n\n<p><a href=\"https:\/\/cielavillage.fr\/wp-content\/uploads\/pdf\/CGV-DE.pdf\">Diese Bestimmungen gelten zus\u00e4tzlich zu unseren aktuellen Allgemeinen Gesch\u00e4ftsbedingungen.\u00a0<\/a><\/p>\n\n\n\n<p>* Der Campingplatz muss schlie\u00dfen, Ihr Wohnort wird unter Quarant\u00e4ne gestellt, Schlie\u00dfung der Grenzen aufgrund von Covid-19, ein Gast ist zum Zeitpunkt der Abreise an Covid-19 erkrankt.<\/p>\n\n\n\n<p>**Im Rahmen der zum Zeitpunkt der Stornierung verf\u00fcgbaren Unterkunft<\/p>\n\n\n\n<p><a href=\"https:\/\/cielavillage.fr\/wp-content\/uploads\/pdf\/Gritchen_Covid19_CampezCouvert_A5_DE.pdf\">Der Campingplatz bietet als kostenpflichtige Option eine Versicherung f\u00fcr die Stornierung und Unterbrechung des Aufenthalts an<\/a>, die \u00fcber seinen Partner\u00a0MUTUAIDE ASSISTANCE. 8\/14 avenue des Fr\u00e8res Lumi\u00e8re 94368 Bry-sur-Marne Cedex<\/p>\n","protected":false},"excerpt":{"rendered":"<p>Wir haben f\u00fcr alle Aufenthalte in der Saison 2022&nbsp;unsere&nbsp;Buchungsbedingungen&nbsp;flexibler gestaltet. Sie haben die M\u00f6glichkeit, Ihren Aufenthalt aus einem mit Covid-19 in Zusammenhang stehenden Grund* bis zu 1 Tage vor Ihrer Ankunft zu stornieren oder abzu\u00e4ndern.&nbsp;Ihnen wird dann entweder eine&nbsp;R\u00fcckerstattung oder ein Gutschein angeboten, der ab dem Ausstellungsdatum 18 Monate&nbsp;lang g\u00fcltig ist, abz\u00fcglich der Verwaltungs- und [&hellip;]<\/p>\n","protected":false},"author":1,"featured_media":0,"parent":0,"menu_order":0,"comment_status":"closed","ping_status":"closed","template":"","meta":{"_acf_changed":false,"footnotes":""},"class_list":["post-2829","page","type-page","status-publish","hentry"],"acf":[],"yoast_head":"<!-- This site is optimized with the Yoast SEO plugin v27.3 - https:\/\/yoast.com\/product\/yoast-seo-wordpress\/ -->\n<title>Unsere Stornobedingungen - Camping Les Marsouins<\/title>\n<meta name=\"robots\" content=\"index, follow, max-snippet:-1, max-image-preview:large, max-video-preview:-1\" \/>\n<link rel=\"canonical\" href=\"https:\/\/lesmarsouins.cielavillage.fr\/de\/unsere-stornobedingungen\/\" \/>\n<meta property=\"og:locale\" content=\"de_DE\" \/>\n<meta property=\"og:type\" content=\"article\" \/>\n<meta property=\"og:title\" content=\"Unsere Stornobedingungen - Camping Les Marsouins\" \/>\n<meta property=\"og:description\" content=\"Wir haben f\u00fcr alle Aufenthalte in der Saison 2022&nbsp;unsere&nbsp;Buchungsbedingungen&nbsp;flexibler gestaltet. Sie haben die M\u00f6glichkeit, Ihren Aufenthalt aus einem mit Covid-19 in Zusammenhang stehenden Grund* bis zu 1 Tage vor Ihrer Ankunft zu stornieren oder abzu\u00e4ndern.&nbsp;Ihnen wird dann entweder eine&nbsp;R\u00fcckerstattung oder ein Gutschein angeboten, der ab dem Ausstellungsdatum 18 Monate&nbsp;lang g\u00fcltig ist, abz\u00fcglich der Verwaltungs- und [&hellip;]\" \/>\n<meta property=\"og:url\" content=\"https:\/\/lesmarsouins.cielavillage.fr\/de\/unsere-stornobedingungen\/\" \/>\n<meta property=\"og:site_name\" content=\"Camping Les Marsouins\" \/>\n<meta property=\"article:modified_time\" content=\"2022-10-13T08:30:21+00:00\" \/>\n<meta name=\"twitter:card\" content=\"summary_large_image\" \/>\n<meta name=\"twitter:label1\" content=\"Gesch\u00e4tzte Lesezeit\" \/>\n\t<meta name=\"twitter:data1\" content=\"1\u00a0Minute\" \/>\n<script type=\"application\/ld+json\" class=\"yoast-schema-graph\">{\"@context\":\"https:\\\/\\\/schema.org\",\"@graph\":[{\"@type\":\"WebPage\",\"@id\":\"https:\\\/\\\/lesmarsouins.cielavillage.fr\\\/de\\\/unsere-stornobedingungen\\\/\",\"url\":\"https:\\\/\\\/lesmarsouins.cielavillage.fr\\\/de\\\/unsere-stornobedingungen\\\/\",\"name\":\"Unsere Stornobedingungen - Camping Les Marsouins\",\"isPartOf\":{\"@id\":\"https:\\\/\\\/lesmarsouins.cielavillage.fr\\\/#website\"},\"datePublished\":\"2021-12-07T15:06:33+00:00\",\"dateModified\":\"2022-10-13T08:30:21+00:00\",\"breadcrumb\":{\"@id\":\"https:\\\/\\\/lesmarsouins.cielavillage.fr\\\/de\\\/unsere-stornobedingungen\\\/#breadcrumb\"},\"inLanguage\":\"de\",\"potentialAction\":[{\"@type\":\"ReadAction\",\"target\":[\"https:\\\/\\\/lesmarsouins.cielavillage.fr\\\/de\\\/unsere-stornobedingungen\\\/\"]}]},{\"@type\":\"BreadcrumbList\",\"@id\":\"https:\\\/\\\/lesmarsouins.cielavillage.fr\\\/de\\\/unsere-stornobedingungen\\\/#breadcrumb\",\"itemListElement\":[{\"@type\":\"ListItem\",\"position\":1,\"name\":\"Camping Argel\u00e8s Les Marsouins &gt;&nbsp;\",\"item\":\"https:\\\/\\\/lesmarsouins.cielavillage.fr\\\/de\\\/\"},{\"@type\":\"ListItem\",\"position\":2,\"name\":\"Unsere Stornobedingungen\"}]},{\"@type\":\"WebSite\",\"@id\":\"https:\\\/\\\/lesmarsouins.cielavillage.fr\\\/#website\",\"url\":\"https:\\\/\\\/lesmarsouins.cielavillage.fr\\\/\",\"name\":\"Camping Les Marsouins\",\"description\":\"Camping Les Marsouins\",\"potentialAction\":[{\"@type\":\"SearchAction\",\"target\":{\"@type\":\"EntryPoint\",\"urlTemplate\":\"https:\\\/\\\/lesmarsouins.cielavillage.fr\\\/?s={search_term_string}\"},\"query-input\":{\"@type\":\"PropertyValueSpecification\",\"valueRequired\":true,\"valueName\":\"search_term_string\"}}],\"inLanguage\":\"de\"}]}<\/script>\n<!-- \/ Yoast SEO plugin. -->","yoast_head_json":{"title":"Unsere Stornobedingungen - Camping Les Marsouins","robots":{"index":"index","follow":"follow","max-snippet":"max-snippet:-1","max-image-preview":"max-image-preview:large","max-video-preview":"max-video-preview:-1"},"canonical":"https:\/\/lesmarsouins.cielavillage.fr\/de\/unsere-stornobedingungen\/","og_locale":"de_DE","og_type":"article","og_title":"Unsere Stornobedingungen - Camping Les Marsouins","og_description":"Wir haben f\u00fcr alle Aufenthalte in der Saison 2022&nbsp;unsere&nbsp;Buchungsbedingungen&nbsp;flexibler gestaltet. Sie haben die M\u00f6glichkeit, Ihren Aufenthalt aus einem mit Covid-19 in Zusammenhang stehenden Grund* bis zu 1 Tage vor Ihrer Ankunft zu stornieren oder abzu\u00e4ndern.&nbsp;Ihnen wird dann entweder eine&nbsp;R\u00fcckerstattung oder ein Gutschein angeboten, der ab dem Ausstellungsdatum 18 Monate&nbsp;lang g\u00fcltig ist, abz\u00fcglich der Verwaltungs- und [&hellip;]","og_url":"https:\/\/lesmarsouins.cielavillage.fr\/de\/unsere-stornobedingungen\/","og_site_name":"Camping Les Marsouins","article_modified_time":"2022-10-13T08:30:21+00:00","twitter_card":"summary_large_image","twitter_misc":{"Gesch\u00e4tzte Lesezeit":"1\u00a0Minute"},"schema":{"@context":"https:\/\/schema.org","@graph":[{"@type":"WebPage","@id":"https:\/\/lesmarsouins.cielavillage.fr\/de\/unsere-stornobedingungen\/","url":"https:\/\/lesmarsouins.cielavillage.fr\/de\/unsere-stornobedingungen\/","name":"Unsere Stornobedingungen - Camping Les Marsouins","isPartOf":{"@id":"https:\/\/lesmarsouins.cielavillage.fr\/#website"},"datePublished":"2021-12-07T15:06:33+00:00","dateModified":"2022-10-13T08:30:21+00:00","breadcrumb":{"@id":"https:\/\/lesmarsouins.cielavillage.fr\/de\/unsere-stornobedingungen\/#breadcrumb"},"inLanguage":"de","potentialAction":[{"@type":"ReadAction","target":["https:\/\/lesmarsouins.cielavillage.fr\/de\/unsere-stornobedingungen\/"]}]},{"@type":"BreadcrumbList","@id":"https:\/\/lesmarsouins.cielavillage.fr\/de\/unsere-stornobedingungen\/#breadcrumb","itemListElement":[{"@type":"ListItem","position":1,"name":"Camping Argel\u00e8s Les Marsouins &gt;&nbsp;","item":"https:\/\/lesmarsouins.cielavillage.fr\/de\/"},{"@type":"ListItem","position":2,"name":"Unsere Stornobedingungen"}]},{"@type":"WebSite","@id":"https:\/\/lesmarsouins.cielavillage.fr\/#website","url":"https:\/\/lesmarsouins.cielavillage.fr\/","name":"Camping Les Marsouins","description":"Camping Les Marsouins","potentialAction":[{"@type":"SearchAction","target":{"@type":"EntryPoint","urlTemplate":"https:\/\/lesmarsouins.cielavillage.fr\/?s={search_term_string}"},"query-input":{"@type":"PropertyValueSpecification","valueRequired":true,"valueName":"search_term_string"}}],"inLanguage":"de"}]}},"_links":{"self":[{"href":"https:\/\/lesmarsouins.cielavillage.fr\/de\/wp-json\/wp\/v2\/pages\/2829","targetHints":{"allow":["GET"]}}],"collection":[{"href":"https:\/\/lesmarsouins.cielavillage.fr\/de\/wp-json\/wp\/v2\/pages"}],"about":[{"href":"https:\/\/lesmarsouins.cielavillage.fr\/de\/wp-json\/wp\/v2\/types\/page"}],"author":[{"embeddable":true,"href":"https:\/\/lesmarsouins.cielavillage.fr\/de\/wp-json\/wp\/v2\/users\/1"}],"replies":[{"embeddable":true,"href":"https:\/\/lesmarsouins.cielavillage.fr\/de\/wp-json\/wp\/v2\/comments?post=2829"}],"version-history":[{"count":3,"href":"https:\/\/lesmarsouins.cielavillage.fr\/de\/wp-json\/wp\/v2\/pages\/2829\/revisions"}],"predecessor-version":[{"id":3506,"href":"https:\/\/lesmarsouins.cielavillage.fr\/de\/wp-json\/wp\/v2\/pages\/2829\/revisions\/3506"}],"wp:attachment":[{"href":"https:\/\/lesmarsouins.cielavillage.fr\/de\/wp-json\/wp\/v2\/media?parent=2829"}],"curies":[{"name":"wp","href":"https:\/\/api.w.org\/{rel}","templated":true}]}}