{"id":1811,"date":"2021-11-12T10:31:18","date_gmt":"2021-11-12T09:31:18","guid":{"rendered":"https:\/\/lesmarsouins.cielavillage.fr\/campings-en-el-sur-de-francia\/"},"modified":"2025-04-15T16:28:26","modified_gmt":"2025-04-15T14:28:26","slug":"campings-en-el-sur-de-francia","status":"publish","type":"page","link":"https:\/\/lesmarsouins.cielavillage.fr\/es\/campings-en-el-sur-de-francia\/","title":{"rendered":"Campings en el sur de Francia"},"content":{"rendered":"\n<h2 class=\"wp-block-heading\">El esp\u00edritu de los campins Ciela Village<\/h2>\n\n\n\n<p>Al elegir Ciela Village, eliges una estancia en un camping de alta gama y buen ambiente. Como pasa en Les Marsouins, el camping de Argel\u00e8s-sur-Mer con servicio 4 estrellas, el conjunto de campings Ciela Village te da la bienvenida en un entorno natural de excepci\u00f3n, a dos pasos del mar, de un lago, de la monta\u00f1a y de lugares tur\u00edsticos magn\u00edficos.<\/p>\n\n\n\n<p>Todos nuestros campings tienen lo que hace falta para que disfrutes de tus vacaciones al 100 % con servicios a la carta y un programa completo de animaciones deportivas, acu\u00e1ticas y festivas. Solo tienes que elegir las actividades que m\u00e1s te gusten.<s><\/s><\/p>\n\n\n\n<h2 class=\"wp-block-heading\">La Ciel\u2019Attitude es una forma de vivir las vacaciones al aire libre<\/h2>\n\n\n\n<p>Entra en la naturaleza, lib\u00e9rate de las obligaciones, rec\u00e1rgate de salud, vive momentos inolvidables en familia o con amigos. Y esa es la Ciel\u2019Attitude que creamos para que la puedas gozar a gusto.<\/p>\n\n\n\n<h2 class=\"wp-block-heading\">Un camping familiar con parque acu\u00e1tico en los Pirineos Orientales<\/h2>\n\n\n\n<p>El escenario est\u00e1 listo. Fant\u00e1stico. En los campings Ciela Village, nuestra segunda preocupaci\u00f3n es que cada miembro de la familia tenga las vacaciones que quiere. Y no es f\u00e1cil que todo el mundo tenga lo que busca entre adultos, adolescentes y ni\u00f1os peque\u00f1os. Hemos pensado en todo y te proponemos un programa de actividades a la carta, en familia o individualmente. Nuestos campings sabr\u00e1n responder a las expectativas de todo el mundo. Chapuzones en la piscina y juegos de agua, torneos familiares, juegos en el club infantil y de adolescentes, sesiones deportivas, veladas animadas&#8230; No te cansar\u00e1s de las vacaciones y descubrir\u00e1s toda nuestra oferta de animaciones.<\/p>\n\n\n\n<p>\u00bfTe ha gustado tu estancia en el <strong>camping Les Marsouins de Argel\u00e8s-sur-Mer<\/strong>?<\/p>\n\n\n\n<p>Ven a conocer los dem\u00e1s campings del grupo Ciela Village en varias regiones de Francia, cada cual m\u00e1s bonita que la anterior.<\/p>\n\n\n\n<h3 class=\"wp-block-heading\"><a href=\"https:\/\/cielavillage.fr\/es\/campings\/atlantica-st-jean-de-luz.html\">CAMPING ATLANTICA EN SAN JUAN DE LUZ<\/a><\/h3>\n\n\n\n<h3 class=\"wp-block-heading\"><a href=\"https:\/\/cielavillage.fr\/es\/campings\/la-rive-biscarrosse.html\">CAMPING LA RIVE EN BISCARROSA<\/a><\/h3>\n\n\n\n<h3 class=\"wp-block-heading\"><a href=\"https:\/\/cielavillage.fr\/es\/campings\/le-pommier-villeneuve-de-berg.html\">CAMPING LE POMMIER EN ARD\u00c8CHE<\/a><\/h3>\n\n\n\n<h3 class=\"wp-block-heading\"><a href=\"https:\/\/cielavillage.fr\/es\/campings\/les-fontaines-pernes-les-fontaines.html\">CAMPING LES FONTAINES EN EL LUB\u00c9RON<\/a><\/h3>\n\n\n\n<h3 class=\"wp-block-heading\"><a href=\"https:\/\/cielavillage.fr\/es\/campings\/terra-verdon-castellane.html\">CAMPING TERRA VERDON EN CASTELLANE<\/a><\/h3>\n\n\n\n<h3 class=\"wp-block-heading\"><a href=\"https:\/\/cielavillage.fr\/es\/campings\/la-farigoulette.html\">CAMPING LA FARIGOULETTE EN LAS GARGANTAS DEL VERDON<\/a><\/h3>\n\n\n\n<h3 class=\"wp-block-heading\"><a href=\"https:\/\/cielavillage.fr\/es\/campings\/camping-au-lac-de-biscarrosse-biscarrosse.html\">CAMPING AU LAC DE BISCARROSSE EN BISCARROSA<\/a><\/h3>\n","protected":false},"excerpt":{"rendered":"<p>El esp\u00edritu de los campins Ciela Village Al elegir Ciela Village, eliges una estancia en un camping de alta gama y buen ambiente. Como pasa en Les Marsouins, el camping de Argel\u00e8s-sur-Mer con servicio 4 estrellas, el conjunto de campings Ciela Village te da la bienvenida en un entorno natural de excepci\u00f3n, a dos pasos [&hellip;]<\/p>\n","protected":false},"author":1,"featured_media":0,"parent":0,"menu_order":0,"comment_status":"closed","ping_status":"closed","template":"","meta":{"_acf_changed":false,"footnotes":""},"class_list":["post-1811","page","type-page","status-publish","hentry"],"acf":[],"yoast_head":"<!-- This site is optimized with the Yoast SEO plugin v27.2 - https:\/\/yoast.com\/product\/yoast-seo-wordpress\/ -->\n<title>Ciela Village: campings en el sur de Francia<\/title>\n<meta name=\"robots\" content=\"index, follow, max-snippet:-1, max-image-preview:large, max-video-preview:-1\" \/>\n<link rel=\"canonical\" href=\"https:\/\/lesmarsouins.cielavillage.fr\/es\/campings-en-el-sur-de-francia\/\" \/>\n<meta property=\"og:locale\" content=\"es_ES\" \/>\n<meta property=\"og:type\" content=\"article\" \/>\n<meta property=\"og:title\" content=\"Ciela Village: campings en el sur de Francia\" \/>\n<meta property=\"og:description\" content=\"El esp\u00edritu de los campins Ciela Village Al elegir Ciela Village, eliges una estancia en un camping de alta gama y buen ambiente. Como pasa en Les Marsouins, el camping de Argel\u00e8s-sur-Mer con servicio 4 estrellas, el conjunto de campings Ciela Village te da la bienvenida en un entorno natural de excepci\u00f3n, a dos pasos [&hellip;]\" \/>\n<meta property=\"og:url\" content=\"https:\/\/lesmarsouins.cielavillage.fr\/es\/campings-en-el-sur-de-francia\/\" \/>\n<meta property=\"og:site_name\" content=\"Camping Les Marsouins\" \/>\n<meta property=\"article:modified_time\" content=\"2025-04-15T14:28:26+00:00\" \/>\n<meta name=\"twitter:card\" content=\"summary_large_image\" \/>\n<meta name=\"twitter:label1\" content=\"Tiempo de lectura\" \/>\n\t<meta name=\"twitter:data1\" content=\"2 minutos\" \/>\n<script type=\"application\/ld+json\" class=\"yoast-schema-graph\">{\"@context\":\"https:\/\/schema.org\",\"@graph\":[{\"@type\":\"WebPage\",\"@id\":\"https:\/\/lesmarsouins.cielavillage.fr\/es\/campings-en-el-sur-de-francia\/\",\"url\":\"https:\/\/lesmarsouins.cielavillage.fr\/es\/campings-en-el-sur-de-francia\/\",\"name\":\"Ciela Village: campings en el sur de Francia\",\"isPartOf\":{\"@id\":\"https:\/\/lesmarsouins.cielavillage.fr\/#website\"},\"datePublished\":\"2021-11-12T09:31:18+00:00\",\"dateModified\":\"2025-04-15T14:28:26+00:00\",\"breadcrumb\":{\"@id\":\"https:\/\/lesmarsouins.cielavillage.fr\/es\/campings-en-el-sur-de-francia\/#breadcrumb\"},\"inLanguage\":\"es\",\"potentialAction\":[{\"@type\":\"ReadAction\",\"target\":[\"https:\/\/lesmarsouins.cielavillage.fr\/es\/campings-en-el-sur-de-francia\/\"]}]},{\"@type\":\"BreadcrumbList\",\"@id\":\"https:\/\/lesmarsouins.cielavillage.fr\/es\/campings-en-el-sur-de-francia\/#breadcrumb\",\"itemListElement\":[{\"@type\":\"ListItem\",\"position\":1,\"name\":\"Camping Argel\u00e8s Les Marsouins &gt;&nbsp;\",\"item\":\"https:\/\/lesmarsouins.cielavillage.fr\/es\/\"},{\"@type\":\"ListItem\",\"position\":2,\"name\":\"Campings en el sur de Francia\"}]},{\"@type\":\"WebSite\",\"@id\":\"https:\/\/lesmarsouins.cielavillage.fr\/#website\",\"url\":\"https:\/\/lesmarsouins.cielavillage.fr\/\",\"name\":\"Camping Les Marsouins\",\"description\":\"Camping Les Marsouins\",\"potentialAction\":[{\"@type\":\"SearchAction\",\"target\":{\"@type\":\"EntryPoint\",\"urlTemplate\":\"https:\/\/lesmarsouins.cielavillage.fr\/?s={search_term_string}\"},\"query-input\":{\"@type\":\"PropertyValueSpecification\",\"valueRequired\":true,\"valueName\":\"search_term_string\"}}],\"inLanguage\":\"es\"}]}<\/script>\n<!-- \/ Yoast SEO plugin. -->","yoast_head_json":{"title":"Ciela Village: campings en el sur de Francia","robots":{"index":"index","follow":"follow","max-snippet":"max-snippet:-1","max-image-preview":"max-image-preview:large","max-video-preview":"max-video-preview:-1"},"canonical":"https:\/\/lesmarsouins.cielavillage.fr\/es\/campings-en-el-sur-de-francia\/","og_locale":"es_ES","og_type":"article","og_title":"Ciela Village: campings en el sur de Francia","og_description":"El esp\u00edritu de los campins Ciela Village Al elegir Ciela Village, eliges una estancia en un camping de alta gama y buen ambiente. Como pasa en Les Marsouins, el camping de Argel\u00e8s-sur-Mer con servicio 4 estrellas, el conjunto de campings Ciela Village te da la bienvenida en un entorno natural de excepci\u00f3n, a dos pasos [&hellip;]","og_url":"https:\/\/lesmarsouins.cielavillage.fr\/es\/campings-en-el-sur-de-francia\/","og_site_name":"Camping Les Marsouins","article_modified_time":"2025-04-15T14:28:26+00:00","twitter_card":"summary_large_image","twitter_misc":{"Tiempo de lectura":"2 minutos"},"schema":{"@context":"https:\/\/schema.org","@graph":[{"@type":"WebPage","@id":"https:\/\/lesmarsouins.cielavillage.fr\/es\/campings-en-el-sur-de-francia\/","url":"https:\/\/lesmarsouins.cielavillage.fr\/es\/campings-en-el-sur-de-francia\/","name":"Ciela Village: campings en el sur de Francia","isPartOf":{"@id":"https:\/\/lesmarsouins.cielavillage.fr\/#website"},"datePublished":"2021-11-12T09:31:18+00:00","dateModified":"2025-04-15T14:28:26+00:00","breadcrumb":{"@id":"https:\/\/lesmarsouins.cielavillage.fr\/es\/campings-en-el-sur-de-francia\/#breadcrumb"},"inLanguage":"es","potentialAction":[{"@type":"ReadAction","target":["https:\/\/lesmarsouins.cielavillage.fr\/es\/campings-en-el-sur-de-francia\/"]}]},{"@type":"BreadcrumbList","@id":"https:\/\/lesmarsouins.cielavillage.fr\/es\/campings-en-el-sur-de-francia\/#breadcrumb","itemListElement":[{"@type":"ListItem","position":1,"name":"Camping Argel\u00e8s Les Marsouins &gt;&nbsp;","item":"https:\/\/lesmarsouins.cielavillage.fr\/es\/"},{"@type":"ListItem","position":2,"name":"Campings en el sur de Francia"}]},{"@type":"WebSite","@id":"https:\/\/lesmarsouins.cielavillage.fr\/#website","url":"https:\/\/lesmarsouins.cielavillage.fr\/","name":"Camping Les Marsouins","description":"Camping Les Marsouins","potentialAction":[{"@type":"SearchAction","target":{"@type":"EntryPoint","urlTemplate":"https:\/\/lesmarsouins.cielavillage.fr\/?s={search_term_string}"},"query-input":{"@type":"PropertyValueSpecification","valueRequired":true,"valueName":"search_term_string"}}],"inLanguage":"es"}]}},"_links":{"self":[{"href":"https:\/\/lesmarsouins.cielavillage.fr\/es\/wp-json\/wp\/v2\/pages\/1811","targetHints":{"allow":["GET"]}}],"collection":[{"href":"https:\/\/lesmarsouins.cielavillage.fr\/es\/wp-json\/wp\/v2\/pages"}],"about":[{"href":"https:\/\/lesmarsouins.cielavillage.fr\/es\/wp-json\/wp\/v2\/types\/page"}],"author":[{"embeddable":true,"href":"https:\/\/lesmarsouins.cielavillage.fr\/es\/wp-json\/wp\/v2\/users\/1"}],"replies":[{"embeddable":true,"href":"https:\/\/lesmarsouins.cielavillage.fr\/es\/wp-json\/wp\/v2\/comments?post=1811"}],"version-history":[{"count":4,"href":"https:\/\/lesmarsouins.cielavillage.fr\/es\/wp-json\/wp\/v2\/pages\/1811\/revisions"}],"predecessor-version":[{"id":9360,"href":"https:\/\/lesmarsouins.cielavillage.fr\/es\/wp-json\/wp\/v2\/pages\/1811\/revisions\/9360"}],"wp:attachment":[{"href":"https:\/\/lesmarsouins.cielavillage.fr\/es\/wp-json\/wp\/v2\/media?parent=1811"}],"curies":[{"name":"wp","href":"https:\/\/api.w.org\/{rel}","templated":true}]}}