{"id":2332,"date":"2021-11-17T16:59:49","date_gmt":"2021-11-17T15:59:49","guid":{"rendered":"https:\/\/lesmarsouins.cielavillage.fr\/?page_id=2332"},"modified":"2021-12-03T15:53:57","modified_gmt":"2021-12-03T14:53:57","slug":"campez-couvert-para-ciela-village","status":"publish","type":"page","link":"https:\/\/lesmarsouins.cielavillage.fr\/es\/campez-couvert-para-ciela-village\/","title":{"rendered":"Campez Couvert para Ciela Village"},"content":{"rendered":"\n<div class=\"wp-block-columns is-layout-flex wp-container-core-columns-is-layout-9d6595d7 wp-block-columns-is-layout-flex\">\n<div class=\"wp-block-column is-layout-flow wp-block-column-is-layout-flow\">\n<figure class=\"wp-block-image size-large\"><img decoding=\"async\" src=\"https:\/\/cielavillage.fr\/images\/tourisme-pyrenees-orientales\/argeles-sur-mer\/assurance-annulation_FR.jpg\" alt=\"\"\/><\/figure>\n<\/div>\n\n\n\n<div class=\"wp-block-column is-layout-flow wp-block-column-is-layout-flow\">\n<h2 class=\"wp-block-heading\">\u00a1F\u00e1cil y r\u00e1pido!<br>Cobertura a todos los usuarios, sin necesidad<br>de que existan v\u00ednculos de parentesco.<br><a href=\"https:\/\/www.campez-couvert.com\/es\/\">www.campez\u2013couvert.com<\/a><\/h2>\n\n\n\n<p>Campez Couvert le permite beneficiarse del seguro de viaje m\u00e1s completo del mercado.<br>M\u00e1s garant\u00edas de anulaci\u00f3n e interrupci\u00f3n, Campez Couvert cubre la enfermedad COVID-19.<br>Puede consultar la totalidad de las condiciones generales del seguro en <a href=\"https:\/\/www.campez-couvert.com\/es\/\">www.campez-couvert.com<\/a><\/p>\n\n\n\n<p><img decoding=\"async\" class=\" size-full wp-image-2318\" src=\"https:\/\/lesmarsouins.cielavillage.fr\/wp-content\/uploads\/2020\/12\/icon_pdf.png\" alt=\"icon pdf\" width=\"20\" height=\"18\"><a href=\"https:\/\/cielavillage.fr\/images\/pdf\/Notice_20_CPC_45_COVID_6184_ES.pdf\" target=\"_blank\" rel=\"noreferrer noopener\">Condiciones generales de seguro<\/a><\/p>\n\n\n\n<p><img decoding=\"async\" class=\" size-full wp-image-2318\" src=\"https:\/\/lesmarsouins.cielavillage.fr\/wp-content\/uploads\/2020\/12\/icon_pdf.png\" alt=\"icon pdf\" width=\"20\" height=\"18\"><a href=\"https:\/\/cielavillage.fr\/images\/pdf\/DIN_Campez_couvert_ES.pdf\" target=\"_blank\" rel=\"noreferrer noopener\">Documento de informaci\u00f3n acerca del producto de seguro<\/a><\/p>\n<\/div>\n<\/div>\n\n\n\n<div class=\"wp-block-image\"><figure class=\"aligncenter size-full\"><img decoding=\"async\" width=\"700\" height=\"153\" src=\"https:\/\/lesmarsouins.cielavillage.fr\/wp-content\/uploads\/2021\/11\/nos-garanties_ES.jpg\" alt=\"\" class=\"wp-image-2338\" srcset=\"https:\/\/lesmarsouins.cielavillage.fr\/wp-content\/uploads\/2021\/11\/nos-garanties_ES.jpg 700w, https:\/\/lesmarsouins.cielavillage.fr\/wp-content\/uploads\/2021\/11\/nos-garanties_ES-300x66.jpg 300w\" sizes=\"(max-width: 700px) 100vw, 700px\" \/><\/figure><\/div>\n\n\n\n<div class=\"wp-block-image\"><figure class=\"aligncenter size-large\"><img decoding=\"async\" src=\"https:\/\/cielavillage.fr\/images\/pdf\/garantie-covid-es.jpg\" alt=\"\"\/><\/figure><\/div>\n\n\n\n<h3 class=\"wp-block-heading\">Motivos m\u00e9dicos<\/h3>\n\n\n\n<p>Enfermedad grave, incluido COVID, accidente grave o fallecimiento, contraindicaci\u00f3n y post vacunaci\u00f3n, complicaciones debidas al embarazo..<\/p>\n\n\n\n<h3 class=\"wp-block-heading\">Razones personales<\/h3>\n\n\n\n<p>Convocatoria con vistas a la adopci\u00f3n de un ni\u00f1o, de un examen de recuperaci\u00f3n o de un trasplante de \u00f3rganos, separaci\u00f3n, etc. Da\u00f1os graves a su veh\u00edculo 48h antes de la salida.<\/p>\n\n\n\n<h3 class=\"wp-block-heading\">Razones profesionales<\/h3>\n\n\n\n<p>Supresi\u00f3n o modificaci\u00f3n de las fechas de las vacaciones, despido econ\u00f3mico o ruptura de convenio, traslado profesional, obtenci\u00f3n de un empleo, etc.<\/p>\n\n\n\n<h3 class=\"wp-block-heading\">Ausencia de vacunaci\u00f3n<\/h3>\n\n\n\n<p>Anulaci\u00f3n en caso de ausencia de vacunaci\u00f3n contra la COVID-19: En el caso en el que en el momento de la suscripci\u00f3n el pa\u00eds de destino no imponga una vacuna, de una contraindicaci\u00f3n de vacunaci\u00f3n y de un informe de fechas de cita de vacunaci\u00f3n contra la COVID-19 impuesto por las autoridades sanitarias \u2026<\/p>\n\n\n\n<h3 class=\"wp-block-heading\">Otras garant\u00edas :<\/h3>\n\n\n\n<p>Da\u00f1os graves en los locales profesionales o privados, robo de documento de identidad, permiso de conducci\u00f3n o pasaporte, rechazo de embarque en caso de toma de temperatura\u2026<\/p>\n\n\n\n<figure class=\"wp-block-table\"><table class=\"has-black-color has-text-color has-background\" style=\"background-color:#d9dadc\"><tbody><tr><td><strong>Caso contacto<\/strong><br>Presentando s\u00edntomas de Covid-19 confirmados por un dictamen m\u00e9dico o habiendo estado en contacto de riesgo elevado con una persona contaminada.<\/td><\/tr><\/tbody><\/table><\/figure>\n\n\n\n<div class=\"wp-block-image\"><figure class=\"aligncenter size-full\"><img decoding=\"async\" width=\"800\" height=\"607\" src=\"https:\/\/lesmarsouins.cielavillage.fr\/wp-content\/uploads\/2021\/11\/assurance-annulation2_ES.jpg\" alt=\"\" class=\"wp-image-2333\" srcset=\"https:\/\/lesmarsouins.cielavillage.fr\/wp-content\/uploads\/2021\/11\/assurance-annulation2_ES.jpg 800w, https:\/\/lesmarsouins.cielavillage.fr\/wp-content\/uploads\/2021\/11\/assurance-annulation2_ES-300x228.jpg 300w, https:\/\/lesmarsouins.cielavillage.fr\/wp-content\/uploads\/2021\/11\/assurance-annulation2_ES-768x583.jpg 768w\" sizes=\"(max-width: 800px) 100vw, 800px\" \/><\/figure><\/div>\n","protected":false},"excerpt":{"rendered":"<p>\u00a1F\u00e1cil y r\u00e1pido!Cobertura a todos los usuarios, sin necesidadde que existan v\u00ednculos de parentesco.www.campez\u2013couvert.com Campez Couvert le permite beneficiarse del seguro de viaje m\u00e1s completo del mercado.M\u00e1s garant\u00edas de anulaci\u00f3n e interrupci\u00f3n, Campez Couvert cubre la enfermedad COVID-19.Puede consultar la totalidad de las condiciones generales del seguro en www.campez-couvert.com Condiciones generales de seguro Documento de [&hellip;]<\/p>\n","protected":false},"author":1,"featured_media":0,"parent":0,"menu_order":8,"comment_status":"closed","ping_status":"closed","template":"","meta":{"_acf_changed":false,"footnotes":""},"class_list":["post-2332","page","type-page","status-publish","hentry"],"acf":[],"yoast_head":"<!-- This site is optimized with the Yoast SEO plugin v27.3 - https:\/\/yoast.com\/product\/yoast-seo-wordpress\/ -->\n<title>Campez Couvert para Ciela Village - Camping Les Marsouins<\/title>\n<meta name=\"robots\" content=\"index, follow, max-snippet:-1, max-image-preview:large, max-video-preview:-1\" \/>\n<link rel=\"canonical\" href=\"https:\/\/lesmarsouins.cielavillage.fr\/es\/campez-couvert-para-ciela-village\/\" \/>\n<meta property=\"og:locale\" content=\"es_ES\" \/>\n<meta property=\"og:type\" content=\"article\" \/>\n<meta property=\"og:title\" content=\"Campez Couvert para Ciela Village - Camping Les Marsouins\" \/>\n<meta property=\"og:description\" content=\"\u00a1F\u00e1cil y r\u00e1pido!Cobertura a todos los usuarios, sin necesidadde que existan v\u00ednculos de parentesco.www.campez\u2013couvert.com Campez Couvert le permite beneficiarse del seguro de viaje m\u00e1s completo del mercado.M\u00e1s garant\u00edas de anulaci\u00f3n e interrupci\u00f3n, Campez Couvert cubre la enfermedad COVID-19.Puede consultar la totalidad de las condiciones generales del seguro en www.campez-couvert.com Condiciones generales de seguro Documento de [&hellip;]\" \/>\n<meta property=\"og:url\" content=\"https:\/\/lesmarsouins.cielavillage.fr\/es\/campez-couvert-para-ciela-village\/\" \/>\n<meta property=\"og:site_name\" content=\"Camping Les Marsouins\" \/>\n<meta property=\"article:modified_time\" content=\"2021-12-03T14:53:57+00:00\" \/>\n<meta property=\"og:image\" content=\"https:\/\/cielavillage.fr\/images\/tourisme-pyrenees-orientales\/argeles-sur-mer\/assurance-annulation_FR.jpg\" \/>\n<meta name=\"twitter:card\" content=\"summary_large_image\" \/>\n<meta name=\"twitter:label1\" content=\"Tiempo de lectura\" \/>\n\t<meta name=\"twitter:data1\" content=\"3 minutos\" \/>\n<script type=\"application\/ld+json\" class=\"yoast-schema-graph\">{\"@context\":\"https:\\\/\\\/schema.org\",\"@graph\":[{\"@type\":\"WebPage\",\"@id\":\"https:\\\/\\\/lesmarsouins.cielavillage.fr\\\/es\\\/campez-couvert-para-ciela-village\\\/\",\"url\":\"https:\\\/\\\/lesmarsouins.cielavillage.fr\\\/es\\\/campez-couvert-para-ciela-village\\\/\",\"name\":\"Campez Couvert para Ciela Village - Camping Les Marsouins\",\"isPartOf\":{\"@id\":\"https:\\\/\\\/lesmarsouins.cielavillage.fr\\\/#website\"},\"primaryImageOfPage\":{\"@id\":\"https:\\\/\\\/lesmarsouins.cielavillage.fr\\\/es\\\/campez-couvert-para-ciela-village\\\/#primaryimage\"},\"image\":{\"@id\":\"https:\\\/\\\/lesmarsouins.cielavillage.fr\\\/es\\\/campez-couvert-para-ciela-village\\\/#primaryimage\"},\"thumbnailUrl\":\"https:\\\/\\\/cielavillage.fr\\\/images\\\/tourisme-pyrenees-orientales\\\/argeles-sur-mer\\\/assurance-annulation_FR.jpg\",\"datePublished\":\"2021-11-17T15:59:49+00:00\",\"dateModified\":\"2021-12-03T14:53:57+00:00\",\"breadcrumb\":{\"@id\":\"https:\\\/\\\/lesmarsouins.cielavillage.fr\\\/es\\\/campez-couvert-para-ciela-village\\\/#breadcrumb\"},\"inLanguage\":\"es\",\"potentialAction\":[{\"@type\":\"ReadAction\",\"target\":[\"https:\\\/\\\/lesmarsouins.cielavillage.fr\\\/es\\\/campez-couvert-para-ciela-village\\\/\"]}]},{\"@type\":\"ImageObject\",\"inLanguage\":\"es\",\"@id\":\"https:\\\/\\\/lesmarsouins.cielavillage.fr\\\/es\\\/campez-couvert-para-ciela-village\\\/#primaryimage\",\"url\":\"https:\\\/\\\/cielavillage.fr\\\/images\\\/tourisme-pyrenees-orientales\\\/argeles-sur-mer\\\/assurance-annulation_FR.jpg\",\"contentUrl\":\"https:\\\/\\\/cielavillage.fr\\\/images\\\/tourisme-pyrenees-orientales\\\/argeles-sur-mer\\\/assurance-annulation_FR.jpg\"},{\"@type\":\"BreadcrumbList\",\"@id\":\"https:\\\/\\\/lesmarsouins.cielavillage.fr\\\/es\\\/campez-couvert-para-ciela-village\\\/#breadcrumb\",\"itemListElement\":[{\"@type\":\"ListItem\",\"position\":1,\"name\":\"Camping Argel\u00e8s Les Marsouins &gt;&nbsp;\",\"item\":\"https:\\\/\\\/lesmarsouins.cielavillage.fr\\\/es\\\/\"},{\"@type\":\"ListItem\",\"position\":2,\"name\":\"Campez Couvert para Ciela Village\"}]},{\"@type\":\"WebSite\",\"@id\":\"https:\\\/\\\/lesmarsouins.cielavillage.fr\\\/#website\",\"url\":\"https:\\\/\\\/lesmarsouins.cielavillage.fr\\\/\",\"name\":\"Camping Les Marsouins\",\"description\":\"Camping Les Marsouins\",\"potentialAction\":[{\"@type\":\"SearchAction\",\"target\":{\"@type\":\"EntryPoint\",\"urlTemplate\":\"https:\\\/\\\/lesmarsouins.cielavillage.fr\\\/?s={search_term_string}\"},\"query-input\":{\"@type\":\"PropertyValueSpecification\",\"valueRequired\":true,\"valueName\":\"search_term_string\"}}],\"inLanguage\":\"es\"}]}<\/script>\n<!-- \/ Yoast SEO plugin. -->","yoast_head_json":{"title":"Campez Couvert para Ciela Village - Camping Les Marsouins","robots":{"index":"index","follow":"follow","max-snippet":"max-snippet:-1","max-image-preview":"max-image-preview:large","max-video-preview":"max-video-preview:-1"},"canonical":"https:\/\/lesmarsouins.cielavillage.fr\/es\/campez-couvert-para-ciela-village\/","og_locale":"es_ES","og_type":"article","og_title":"Campez Couvert para Ciela Village - Camping Les Marsouins","og_description":"\u00a1F\u00e1cil y r\u00e1pido!Cobertura a todos los usuarios, sin necesidadde que existan v\u00ednculos de parentesco.www.campez\u2013couvert.com Campez Couvert le permite beneficiarse del seguro de viaje m\u00e1s completo del mercado.M\u00e1s garant\u00edas de anulaci\u00f3n e interrupci\u00f3n, Campez Couvert cubre la enfermedad COVID-19.Puede consultar la totalidad de las condiciones generales del seguro en www.campez-couvert.com Condiciones generales de seguro Documento de [&hellip;]","og_url":"https:\/\/lesmarsouins.cielavillage.fr\/es\/campez-couvert-para-ciela-village\/","og_site_name":"Camping Les Marsouins","article_modified_time":"2021-12-03T14:53:57+00:00","og_image":[{"url":"https:\/\/cielavillage.fr\/images\/tourisme-pyrenees-orientales\/argeles-sur-mer\/assurance-annulation_FR.jpg","type":"","width":"","height":""}],"twitter_card":"summary_large_image","twitter_misc":{"Tiempo de lectura":"3 minutos"},"schema":{"@context":"https:\/\/schema.org","@graph":[{"@type":"WebPage","@id":"https:\/\/lesmarsouins.cielavillage.fr\/es\/campez-couvert-para-ciela-village\/","url":"https:\/\/lesmarsouins.cielavillage.fr\/es\/campez-couvert-para-ciela-village\/","name":"Campez Couvert para Ciela Village - Camping Les Marsouins","isPartOf":{"@id":"https:\/\/lesmarsouins.cielavillage.fr\/#website"},"primaryImageOfPage":{"@id":"https:\/\/lesmarsouins.cielavillage.fr\/es\/campez-couvert-para-ciela-village\/#primaryimage"},"image":{"@id":"https:\/\/lesmarsouins.cielavillage.fr\/es\/campez-couvert-para-ciela-village\/#primaryimage"},"thumbnailUrl":"https:\/\/cielavillage.fr\/images\/tourisme-pyrenees-orientales\/argeles-sur-mer\/assurance-annulation_FR.jpg","datePublished":"2021-11-17T15:59:49+00:00","dateModified":"2021-12-03T14:53:57+00:00","breadcrumb":{"@id":"https:\/\/lesmarsouins.cielavillage.fr\/es\/campez-couvert-para-ciela-village\/#breadcrumb"},"inLanguage":"es","potentialAction":[{"@type":"ReadAction","target":["https:\/\/lesmarsouins.cielavillage.fr\/es\/campez-couvert-para-ciela-village\/"]}]},{"@type":"ImageObject","inLanguage":"es","@id":"https:\/\/lesmarsouins.cielavillage.fr\/es\/campez-couvert-para-ciela-village\/#primaryimage","url":"https:\/\/cielavillage.fr\/images\/tourisme-pyrenees-orientales\/argeles-sur-mer\/assurance-annulation_FR.jpg","contentUrl":"https:\/\/cielavillage.fr\/images\/tourisme-pyrenees-orientales\/argeles-sur-mer\/assurance-annulation_FR.jpg"},{"@type":"BreadcrumbList","@id":"https:\/\/lesmarsouins.cielavillage.fr\/es\/campez-couvert-para-ciela-village\/#breadcrumb","itemListElement":[{"@type":"ListItem","position":1,"name":"Camping Argel\u00e8s Les Marsouins &gt;&nbsp;","item":"https:\/\/lesmarsouins.cielavillage.fr\/es\/"},{"@type":"ListItem","position":2,"name":"Campez Couvert para Ciela Village"}]},{"@type":"WebSite","@id":"https:\/\/lesmarsouins.cielavillage.fr\/#website","url":"https:\/\/lesmarsouins.cielavillage.fr\/","name":"Camping Les Marsouins","description":"Camping Les Marsouins","potentialAction":[{"@type":"SearchAction","target":{"@type":"EntryPoint","urlTemplate":"https:\/\/lesmarsouins.cielavillage.fr\/?s={search_term_string}"},"query-input":{"@type":"PropertyValueSpecification","valueRequired":true,"valueName":"search_term_string"}}],"inLanguage":"es"}]}},"_links":{"self":[{"href":"https:\/\/lesmarsouins.cielavillage.fr\/es\/wp-json\/wp\/v2\/pages\/2332","targetHints":{"allow":["GET"]}}],"collection":[{"href":"https:\/\/lesmarsouins.cielavillage.fr\/es\/wp-json\/wp\/v2\/pages"}],"about":[{"href":"https:\/\/lesmarsouins.cielavillage.fr\/es\/wp-json\/wp\/v2\/types\/page"}],"author":[{"embeddable":true,"href":"https:\/\/lesmarsouins.cielavillage.fr\/es\/wp-json\/wp\/v2\/users\/1"}],"replies":[{"embeddable":true,"href":"https:\/\/lesmarsouins.cielavillage.fr\/es\/wp-json\/wp\/v2\/comments?post=2332"}],"version-history":[{"count":12,"href":"https:\/\/lesmarsouins.cielavillage.fr\/es\/wp-json\/wp\/v2\/pages\/2332\/revisions"}],"predecessor-version":[{"id":2802,"href":"https:\/\/lesmarsouins.cielavillage.fr\/es\/wp-json\/wp\/v2\/pages\/2332\/revisions\/2802"}],"wp:attachment":[{"href":"https:\/\/lesmarsouins.cielavillage.fr\/es\/wp-json\/wp\/v2\/media?parent=2332"}],"curies":[{"name":"wp","href":"https:\/\/api.w.org\/{rel}","templated":true}]}}