{"id":2823,"date":"2021-12-07T16:01:51","date_gmt":"2021-12-07T15:01:51","guid":{"rendered":"https:\/\/lesmarsouins.cielavillage.fr\/?page_id=2823"},"modified":"2022-10-13T10:30:41","modified_gmt":"2022-10-13T08:30:41","slug":"nuestras-condiciones-de-cancelacion","status":"publish","type":"page","link":"https:\/\/lesmarsouins.cielavillage.fr\/es\/nuestras-condiciones-de-cancelacion\/","title":{"rendered":"Nuestras condiciones de cancelaci\u00f3n"},"content":{"rendered":"\n<p>Hemos flexibilizado nuestras condiciones de reserva<strong>&nbsp;para todas las estancias reservadas para la temporada 2022<\/strong>.<\/p>\n\n\n\n<p><strong>Puede cancelar o modificar su estancia hasta 1 d\u00eda antes de su llegada<\/strong>, por un motivo relacionado con la Covid-19*. Se le propondr\u00e1&nbsp;<strong>un reembolso<\/strong>&nbsp;<strong>o un&nbsp;vale por los importes abonados v\u00e1lido 18 meses<\/strong>&nbsp;a partir de la fecha de emisi\u00f3n, menos los costes administrativos y de seguro.<\/p>\n\n\n\n<p><a href=\"https:\/\/cielavillage.fr\/wp-content\/uploads\/pdf\/CGV-ES.pdf\">Estas disposiciones complementan nuestras Condiciones Generales de Venta vigentes.<\/a><\/p>\n\n\n\n<p>* El camping debe cerrar sus puertas, su lugar de residencia est\u00e1 confinado, cierres de fronteras relacionados con la Covid-19 o uno de los participantes est\u00e1 afectado de covid-19 en la fecha de salida.<\/p>\n\n\n\n<p>** dentro del l\u00edmite del n\u00famero de alojamientos disponibles en el momento de la cancelaci\u00f3n<\/p>\n\n\n\n<p><a href=\"https:\/\/cielavillage.fr\/wp-content\/uploads\/pdf\/Gritchen_Covid19_CampezCouvert_A5_ES.pdf\">El camping ofrece un Seguro de Cancelaci\u00f3n e Interrupci\u00f3n como extra opcional<\/a>,\u00a0a trav\u00e9s de su socio MUTUAIDE ASSISTANCE. 8\/14 avenue des Fr\u00e8res Lumi\u00e8re 94368 Bry-sur-Marne Cedex<\/p>\n","protected":false},"excerpt":{"rendered":"<p>Hemos flexibilizado nuestras condiciones de reserva&nbsp;para todas las estancias reservadas para la temporada 2022. Puede cancelar o modificar su estancia hasta 1 d\u00eda antes de su llegada, por un motivo relacionado con la Covid-19*. Se le propondr\u00e1&nbsp;un reembolso&nbsp;o un&nbsp;vale por los importes abonados v\u00e1lido 18 meses&nbsp;a partir de la fecha de emisi\u00f3n, menos los costes [&hellip;]<\/p>\n","protected":false},"author":1,"featured_media":0,"parent":0,"menu_order":0,"comment_status":"closed","ping_status":"closed","template":"","meta":{"_acf_changed":false,"footnotes":""},"class_list":["post-2823","page","type-page","status-publish","hentry"],"acf":[],"yoast_head":"<!-- This site is optimized with the Yoast SEO plugin v27.3 - https:\/\/yoast.com\/product\/yoast-seo-wordpress\/ -->\n<title>Nuestras condiciones de cancelaci\u00f3n - Camping Les Marsouins<\/title>\n<meta name=\"robots\" content=\"index, follow, max-snippet:-1, max-image-preview:large, max-video-preview:-1\" \/>\n<link rel=\"canonical\" href=\"https:\/\/lesmarsouins.cielavillage.fr\/es\/nuestras-condiciones-de-cancelacion\/\" \/>\n<meta property=\"og:locale\" content=\"es_ES\" \/>\n<meta property=\"og:type\" content=\"article\" \/>\n<meta property=\"og:title\" content=\"Nuestras condiciones de cancelaci\u00f3n - Camping Les Marsouins\" \/>\n<meta property=\"og:description\" content=\"Hemos flexibilizado nuestras condiciones de reserva&nbsp;para todas las estancias reservadas para la temporada 2022. Puede cancelar o modificar su estancia hasta 1 d\u00eda antes de su llegada, por un motivo relacionado con la Covid-19*. Se le propondr\u00e1&nbsp;un reembolso&nbsp;o un&nbsp;vale por los importes abonados v\u00e1lido 18 meses&nbsp;a partir de la fecha de emisi\u00f3n, menos los costes [&hellip;]\" \/>\n<meta property=\"og:url\" content=\"https:\/\/lesmarsouins.cielavillage.fr\/es\/nuestras-condiciones-de-cancelacion\/\" \/>\n<meta property=\"og:site_name\" content=\"Camping Les Marsouins\" \/>\n<meta property=\"article:modified_time\" content=\"2022-10-13T08:30:41+00:00\" \/>\n<meta name=\"twitter:card\" content=\"summary_large_image\" \/>\n<meta name=\"twitter:label1\" content=\"Tiempo de lectura\" \/>\n\t<meta name=\"twitter:data1\" content=\"1 minuto\" \/>\n<script type=\"application\/ld+json\" class=\"yoast-schema-graph\">{\"@context\":\"https:\\\/\\\/schema.org\",\"@graph\":[{\"@type\":\"WebPage\",\"@id\":\"https:\\\/\\\/lesmarsouins.cielavillage.fr\\\/es\\\/nuestras-condiciones-de-cancelacion\\\/\",\"url\":\"https:\\\/\\\/lesmarsouins.cielavillage.fr\\\/es\\\/nuestras-condiciones-de-cancelacion\\\/\",\"name\":\"Nuestras condiciones de cancelaci\u00f3n - Camping Les Marsouins\",\"isPartOf\":{\"@id\":\"https:\\\/\\\/lesmarsouins.cielavillage.fr\\\/#website\"},\"datePublished\":\"2021-12-07T15:01:51+00:00\",\"dateModified\":\"2022-10-13T08:30:41+00:00\",\"breadcrumb\":{\"@id\":\"https:\\\/\\\/lesmarsouins.cielavillage.fr\\\/es\\\/nuestras-condiciones-de-cancelacion\\\/#breadcrumb\"},\"inLanguage\":\"es\",\"potentialAction\":[{\"@type\":\"ReadAction\",\"target\":[\"https:\\\/\\\/lesmarsouins.cielavillage.fr\\\/es\\\/nuestras-condiciones-de-cancelacion\\\/\"]}]},{\"@type\":\"BreadcrumbList\",\"@id\":\"https:\\\/\\\/lesmarsouins.cielavillage.fr\\\/es\\\/nuestras-condiciones-de-cancelacion\\\/#breadcrumb\",\"itemListElement\":[{\"@type\":\"ListItem\",\"position\":1,\"name\":\"Camping Argel\u00e8s Les Marsouins &gt;&nbsp;\",\"item\":\"https:\\\/\\\/lesmarsouins.cielavillage.fr\\\/es\\\/\"},{\"@type\":\"ListItem\",\"position\":2,\"name\":\"Nuestras condiciones de cancelaci\u00f3n\"}]},{\"@type\":\"WebSite\",\"@id\":\"https:\\\/\\\/lesmarsouins.cielavillage.fr\\\/#website\",\"url\":\"https:\\\/\\\/lesmarsouins.cielavillage.fr\\\/\",\"name\":\"Camping Les Marsouins\",\"description\":\"Camping Les Marsouins\",\"potentialAction\":[{\"@type\":\"SearchAction\",\"target\":{\"@type\":\"EntryPoint\",\"urlTemplate\":\"https:\\\/\\\/lesmarsouins.cielavillage.fr\\\/?s={search_term_string}\"},\"query-input\":{\"@type\":\"PropertyValueSpecification\",\"valueRequired\":true,\"valueName\":\"search_term_string\"}}],\"inLanguage\":\"es\"}]}<\/script>\n<!-- \/ Yoast SEO plugin. -->","yoast_head_json":{"title":"Nuestras condiciones de cancelaci\u00f3n - Camping Les Marsouins","robots":{"index":"index","follow":"follow","max-snippet":"max-snippet:-1","max-image-preview":"max-image-preview:large","max-video-preview":"max-video-preview:-1"},"canonical":"https:\/\/lesmarsouins.cielavillage.fr\/es\/nuestras-condiciones-de-cancelacion\/","og_locale":"es_ES","og_type":"article","og_title":"Nuestras condiciones de cancelaci\u00f3n - Camping Les Marsouins","og_description":"Hemos flexibilizado nuestras condiciones de reserva&nbsp;para todas las estancias reservadas para la temporada 2022. Puede cancelar o modificar su estancia hasta 1 d\u00eda antes de su llegada, por un motivo relacionado con la Covid-19*. Se le propondr\u00e1&nbsp;un reembolso&nbsp;o un&nbsp;vale por los importes abonados v\u00e1lido 18 meses&nbsp;a partir de la fecha de emisi\u00f3n, menos los costes [&hellip;]","og_url":"https:\/\/lesmarsouins.cielavillage.fr\/es\/nuestras-condiciones-de-cancelacion\/","og_site_name":"Camping Les Marsouins","article_modified_time":"2022-10-13T08:30:41+00:00","twitter_card":"summary_large_image","twitter_misc":{"Tiempo de lectura":"1 minuto"},"schema":{"@context":"https:\/\/schema.org","@graph":[{"@type":"WebPage","@id":"https:\/\/lesmarsouins.cielavillage.fr\/es\/nuestras-condiciones-de-cancelacion\/","url":"https:\/\/lesmarsouins.cielavillage.fr\/es\/nuestras-condiciones-de-cancelacion\/","name":"Nuestras condiciones de cancelaci\u00f3n - Camping Les Marsouins","isPartOf":{"@id":"https:\/\/lesmarsouins.cielavillage.fr\/#website"},"datePublished":"2021-12-07T15:01:51+00:00","dateModified":"2022-10-13T08:30:41+00:00","breadcrumb":{"@id":"https:\/\/lesmarsouins.cielavillage.fr\/es\/nuestras-condiciones-de-cancelacion\/#breadcrumb"},"inLanguage":"es","potentialAction":[{"@type":"ReadAction","target":["https:\/\/lesmarsouins.cielavillage.fr\/es\/nuestras-condiciones-de-cancelacion\/"]}]},{"@type":"BreadcrumbList","@id":"https:\/\/lesmarsouins.cielavillage.fr\/es\/nuestras-condiciones-de-cancelacion\/#breadcrumb","itemListElement":[{"@type":"ListItem","position":1,"name":"Camping Argel\u00e8s Les Marsouins &gt;&nbsp;","item":"https:\/\/lesmarsouins.cielavillage.fr\/es\/"},{"@type":"ListItem","position":2,"name":"Nuestras condiciones de cancelaci\u00f3n"}]},{"@type":"WebSite","@id":"https:\/\/lesmarsouins.cielavillage.fr\/#website","url":"https:\/\/lesmarsouins.cielavillage.fr\/","name":"Camping Les Marsouins","description":"Camping Les Marsouins","potentialAction":[{"@type":"SearchAction","target":{"@type":"EntryPoint","urlTemplate":"https:\/\/lesmarsouins.cielavillage.fr\/?s={search_term_string}"},"query-input":{"@type":"PropertyValueSpecification","valueRequired":true,"valueName":"search_term_string"}}],"inLanguage":"es"}]}},"_links":{"self":[{"href":"https:\/\/lesmarsouins.cielavillage.fr\/es\/wp-json\/wp\/v2\/pages\/2823","targetHints":{"allow":["GET"]}}],"collection":[{"href":"https:\/\/lesmarsouins.cielavillage.fr\/es\/wp-json\/wp\/v2\/pages"}],"about":[{"href":"https:\/\/lesmarsouins.cielavillage.fr\/es\/wp-json\/wp\/v2\/types\/page"}],"author":[{"embeddable":true,"href":"https:\/\/lesmarsouins.cielavillage.fr\/es\/wp-json\/wp\/v2\/users\/1"}],"replies":[{"embeddable":true,"href":"https:\/\/lesmarsouins.cielavillage.fr\/es\/wp-json\/wp\/v2\/comments?post=2823"}],"version-history":[{"count":3,"href":"https:\/\/lesmarsouins.cielavillage.fr\/es\/wp-json\/wp\/v2\/pages\/2823\/revisions"}],"predecessor-version":[{"id":3507,"href":"https:\/\/lesmarsouins.cielavillage.fr\/es\/wp-json\/wp\/v2\/pages\/2823\/revisions\/3507"}],"wp:attachment":[{"href":"https:\/\/lesmarsouins.cielavillage.fr\/es\/wp-json\/wp\/v2\/media?parent=2823"}],"curies":[{"name":"wp","href":"https:\/\/api.w.org\/{rel}","templated":true}]}}